{"id":76,"date":"2016-03-07T17:27:12","date_gmt":"2016-03-07T17:27:12","guid":{"rendered":"http:\/\/gatda.com.br\/?page_id=76"},"modified":"2021-03-26T16:18:02","modified_gmt":"2021-03-26T19:18:02","slug":"contato","status":"publish","type":"page","link":"https:\/\/gatda.com.br\/index.php\/contato\/","title":{"rendered":"Contato"},"content":{"rendered":"<p><span style=\"text-decoration: underline;\"><strong>ENDERE\u00c7O E TELEFONES DE CONTATO PARA AGENDAMENTO DE CONSULTAS<\/strong><\/span>:<\/p>\n<p><strong>Atendimento em\u00a0novo endere\u00e7o:<\/strong><br \/>\nRua Jo\u00e3o Ramalho, 257 conjunto 84\u00a0&#8211; Perdizes (pr\u00f3ximo \u00e0\u00a0PUC)<br \/>\nWhatsApp \u00a0(11) 99966-3959<br \/>\ne-mail: <a href=\"mailto:contato@gatda.com.br\">contato@gatda.com.br<\/a><\/p>\n<p><iframe style=\"border: 0;\" src=\"https:\/\/www.google.com\/maps\/embed?pb=!1m18!1m12!1m3!1d3657.8320874233164!2d-46.67157118555873!3d-23.538540984694183!2m3!1f0!2f0!3f0!3m2!1i1024!2i768!4f13.1!3m3!1m2!1s0x94ce581e49e5e88f%3A0x5d1d619b35d8d021!2sR.+Jo%C3%A3o+Ramalho%2C+257+-+Perdizes%2C+S%C3%A3o+Paulo+-+SP%2C+05008-001!5e0!3m2!1spt-BR!2sbr!4v1486078344253\" width=\"600\" height=\"450\" frameborder=\"0\" allowfullscreen=\"allowfullscreen\"><\/iframe><\/p>\n<p>Preencha o formul\u00e1rio abaixo para tirar suas d\u00favidas, \u00a0registrar suas sugest\u00f5es, reclama\u00e7\u00f5es, elogios ou solicitar\u00a0informa\u00e7\u00f5es\u00a0sobre valores das consultas ou or\u00e7amento para treinamento:<\/p>\n<p>[contact-form-7 id=&#8221;1326&#8243; title=&#8221;Formul\u00e1rio de contato 1&#8243;]<\/p>\n","protected":false},"excerpt":{"rendered":"<p>ENDERE\u00c7O E TELEFONES DE CONTATO PARA AGENDAMENTO DE CONSULTAS: Atendimento em\u00a0novo endere\u00e7o: Rua Jo\u00e3o Ramalho, 257 conjunto 84\u00a0&#8211; Perdizes (pr\u00f3ximo \u00e0\u00a0PUC) WhatsApp \u00a0(11) 99966-3959 e-mail: contato@gatda.com.br Preencha o formul\u00e1rio abaixo para tirar suas d\u00favidas, \u00a0registrar suas sugest\u00f5es, reclama\u00e7\u00f5es, elogios ou solicitar\u00a0informa\u00e7\u00f5es\u00a0sobre valores das consultas ou or\u00e7amento para treinamento: [contact-form-7 id=&#8221;1326&#8243; title=&#8221;Formul\u00e1rio de contato 1&#8243;]<\/p>\n","protected":false},"author":1,"featured_media":0,"parent":0,"menu_order":0,"comment_status":"closed","ping_status":"closed","template":"","meta":{"footnotes":""},"class_list":["post-76","page","type-page","status-publish","hentry"],"_links":{"self":[{"href":"https:\/\/gatda.com.br\/index.php\/wp-json\/wp\/v2\/pages\/76","targetHints":{"allow":["GET"]}}],"collection":[{"href":"https:\/\/gatda.com.br\/index.php\/wp-json\/wp\/v2\/pages"}],"about":[{"href":"https:\/\/gatda.com.br\/index.php\/wp-json\/wp\/v2\/types\/page"}],"author":[{"embeddable":true,"href":"https:\/\/gatda.com.br\/index.php\/wp-json\/wp\/v2\/users\/1"}],"replies":[{"embeddable":true,"href":"https:\/\/gatda.com.br\/index.php\/wp-json\/wp\/v2\/comments?post=76"}],"version-history":[{"count":31,"href":"https:\/\/gatda.com.br\/index.php\/wp-json\/wp\/v2\/pages\/76\/revisions"}],"predecessor-version":[{"id":1876,"href":"https:\/\/gatda.com.br\/index.php\/wp-json\/wp\/v2\/pages\/76\/revisions\/1876"}],"wp:attachment":[{"href":"https:\/\/gatda.com.br\/index.php\/wp-json\/wp\/v2\/media?parent=76"}],"curies":[{"name":"wp","href":"https:\/\/api.w.org\/{rel}","templated":true}]}}